{"id":9002,"date":"2026-02-01T11:05:11","date_gmt":"2026-02-01T10:05:11","guid":{"rendered":"https:\/\/naturalspirit.ch\/?post_type=product&#038;p=9002"},"modified":"2026-02-01T11:42:33","modified_gmt":"2026-02-01T10:42:33","slug":"heilstein-starter-set","status":"publish","type":"product","link":"https:\/\/naturalspirit.ch\/fr\/produit\/heilstein-starter-set\/","title":{"rendered":"Kit de d\u00e9marrage pour pierres m\u00e9dicinales"},"content":{"rendered":"<p>Prix : 35 CHF<\/p>\n<p>Un kit de d\u00e9marrage intuitif de 3 \u00e0 5 pierres de gu\u00e9rison, que tu peux <strong>directement dans l'atelier.<\/strong><\/p>\n<p>C'est dans le contact attentif, le ressenti et l'\u00e9coute que se r\u00e9v\u00e8lent les pierres qui souhaitent t'accompagner sur ton chemin.<\/p>\n<p>Ce kit de d\u00e9marrage est un merveilleux compl\u00e9ment \u00e0 l'atelier sur les pierres de gu\u00e9rison.<\/p>\n<p>Un petit paquet de terre qui te rappelle, te fortifie et t'aide \u00e0 faire entrer en douceur l'\u00e9nergie du wokshop dans ton quotidien.<\/p>\n<p>Si tu le souhaites, tu peux utiliser ton kit de d\u00e9marrage <strong>r\u00e9server d\u00e8s maintenant<\/strong> et t'assurer la possibilit\u00e9 de choisir tes compagnons personnels lors de l'atelier.<\/p>","protected":false},"excerpt":{"rendered":"<p>Preis: CHF 35.- Ein intuitives Starter-Set aus 3-5 Heilsteinen, das du direkt im Workshop selbst ausw\u00e4hlst. Im achtsamen Kontakt, im Sp\u00fcren und im Lauschen zeigen sich jene Steine, die dich auf deinem Weg begleiten m\u00f6chten. Dieses Starter-Set ist eine wundervolle Erg\u00e4nzung zum Heilsteine-Workshop. Ein kleines B\u00fcndel Erde, das dich erinnert, st\u00e4rkt und dir hilft, die [&hellip;]<\/p>","protected":false},"featured_media":7780,"comment_status":"open","ping_status":"closed","template":"","meta":[],"product_brand":[],"product_cat":[15],"product_tag":[],"class_list":{"0":"post-9002","1":"product","2":"type-product","3":"status-publish","4":"has-post-thumbnail","6":"product_cat-unkategorisiert","8":"first","9":"instock","10":"shipping-taxable","11":"purchasable","12":"product-type-simple"},"_links":{"self":[{"href":"https:\/\/naturalspirit.ch\/fr\/wp-json\/wp\/v2\/product\/9002","targetHints":{"allow":["GET"]}}],"collection":[{"href":"https:\/\/naturalspirit.ch\/fr\/wp-json\/wp\/v2\/product"}],"about":[{"href":"https:\/\/naturalspirit.ch\/fr\/wp-json\/wp\/v2\/types\/product"}],"replies":[{"embeddable":true,"href":"https:\/\/naturalspirit.ch\/fr\/wp-json\/wp\/v2\/comments?post=9002"}],"wp:featuredmedia":[{"embeddable":true,"href":"https:\/\/naturalspirit.ch\/fr\/wp-json\/wp\/v2\/media\/7780"}],"wp:attachment":[{"href":"https:\/\/naturalspirit.ch\/fr\/wp-json\/wp\/v2\/media?parent=9002"}],"wp:term":[{"taxonomy":"product_brand","embeddable":true,"href":"https:\/\/naturalspirit.ch\/fr\/wp-json\/wp\/v2\/product_brand?post=9002"},{"taxonomy":"product_cat","embeddable":true,"href":"https:\/\/naturalspirit.ch\/fr\/wp-json\/wp\/v2\/product_cat?post=9002"},{"taxonomy":"product_tag","embeddable":true,"href":"https:\/\/naturalspirit.ch\/fr\/wp-json\/wp\/v2\/product_tag?post=9002"}],"curies":[{"name":"wp","href":"https:\/\/api.w.org\/{rel}","templated":true}]}}