{"id":8851,"date":"2025-10-17T19:58:16","date_gmt":"2025-10-17T17:58:16","guid":{"rendered":"https:\/\/naturalspirit.ch\/?post_type=product&#038;p=8851"},"modified":"2025-10-17T20:07:06","modified_gmt":"2025-10-17T18:07:06","slug":"quantenheilung-erleben-fuer-dich-und-andere","status":"publish","type":"product","link":"https:\/\/naturalspirit.ch\/fr\/produit\/quantenheilung-erleben-fuer-dich-und-andere\/","title":{"rendered":"Vivre la gu\u00e9rison quantique - pour toi et les autres"},"content":{"rendered":"<p><em>\"La gu\u00e9rison survient lorsque nous nous souvenons de qui nous sommes vraiment\"<\/em><\/p>\n<p>Dans la gu\u00e9rison quantique, nous rencontrons le champ des possibilit\u00e9s pures - un espace au-del\u00e0 du temps, de la forme et de la limitation. L\u00e0 o\u00f9 la conscience agit, la transformation se produit. En douceur. Clairement, profond\u00e9ment.<\/p>\n<p>Dans cet atelier, je t'invite non seulement \u00e0 comprendre la gu\u00e9rison quantique, mais aussi \u00e0 l'ancrer en toi. Tu apprendras comment te connecter au champ de gu\u00e9rison - pour toi-m\u00eame et pour les autres. Tu apprendras comment travailler avec la m\u00e9thode des deux points et la m\u00e9thode des trois points, comment l'intention et la pr\u00e9sence agissent et comment tu laisses la gu\u00e9rison se produire - sans pression, sans technique, uniquement avec la conscience et le c\u0153ur.<\/p>\n<p>Contenu :<\/p>\n<ul>\n<li>Introduction aux principes de la gu\u00e9rison quantique<\/li>\n<li>La m\u00e9thode en deux et trois points<\/li>\n<li>Connexion avec le champ des possibles et le pouvoir de l'intention<\/li>\n<li>Formation \u00e0 la perception<\/li>\n<li>Activer l'auto-gu\u00e9rison &amp; accompagner les autres<\/li>\n<li>M\u00e9ditation, exercices en bin\u00f4me<\/li>\n<\/ul>\n<p>Pour qui ?<\/p>\n<p>Pour les personnes qui souhaitent faire l'exp\u00e9rience de la gu\u00e9rison comme expression naturelle de la conscience.<\/p>\n<p>Pour tous ceux qui souhaitent s'accompagner eux-m\u00eames et les autres \u00e0 un niveau plus profond.<\/p>\n<p>Pour toi - quand tu sens qu'il est temps de t'ouvrir au champ.<\/p>\n<p><a href=\"http:\/\/Workshop - Quantenheilung erleben\">http:\/\/Workshop - Vivre la gu\u00e9rison quantique<\/a><\/p>","protected":false},"excerpt":{"rendered":"<p>&#8222;Heilung geschieht, wenn wir uns erinnern, wer wir wirklich sind&#8220; In der Quantenheilung begegnen wir dem Feld reiner M\u00f6glichkeiten \u2013 einem Raum jenseits von Zeit, Form und Begrenzung. Dort, wo das Bewusstsein wirkt, geschieht Wandlung. Sanft. Klar. Tief. In diesem Workshop lade ich dich ein, die Quantenheilung nicht nur zu verstehen, sondern in dir zu [&hellip;]<\/p>","protected":false},"featured_media":4786,"comment_status":"open","ping_status":"closed","template":"","meta":[],"product_brand":[],"product_cat":[891],"product_tag":[],"class_list":{"0":"post-8851","1":"product","2":"type-product","3":"status-publish","4":"has-post-thumbnail","6":"product_cat-workshop-quantenheilung-erleben-fuer-dich-und-andere","8":"first","9":"instock","10":"shipping-taxable","11":"product-type-simple"},"_links":{"self":[{"href":"https:\/\/naturalspirit.ch\/fr\/wp-json\/wp\/v2\/product\/8851","targetHints":{"allow":["GET"]}}],"collection":[{"href":"https:\/\/naturalspirit.ch\/fr\/wp-json\/wp\/v2\/product"}],"about":[{"href":"https:\/\/naturalspirit.ch\/fr\/wp-json\/wp\/v2\/types\/product"}],"replies":[{"embeddable":true,"href":"https:\/\/naturalspirit.ch\/fr\/wp-json\/wp\/v2\/comments?post=8851"}],"wp:featuredmedia":[{"embeddable":true,"href":"https:\/\/naturalspirit.ch\/fr\/wp-json\/wp\/v2\/media\/4786"}],"wp:attachment":[{"href":"https:\/\/naturalspirit.ch\/fr\/wp-json\/wp\/v2\/media?parent=8851"}],"wp:term":[{"taxonomy":"product_brand","embeddable":true,"href":"https:\/\/naturalspirit.ch\/fr\/wp-json\/wp\/v2\/product_brand?post=8851"},{"taxonomy":"product_cat","embeddable":true,"href":"https:\/\/naturalspirit.ch\/fr\/wp-json\/wp\/v2\/product_cat?post=8851"},{"taxonomy":"product_tag","embeddable":true,"href":"https:\/\/naturalspirit.ch\/fr\/wp-json\/wp\/v2\/product_tag?post=8851"}],"curies":[{"name":"wp","href":"https:\/\/api.w.org\/{rel}","templated":true}]}}