{"id":7807,"date":"2022-12-11T15:10:41","date_gmt":"2022-12-11T14:10:41","guid":{"rendered":"https:\/\/naturalspirit.ch\/?post_type=product&#038;p=7807"},"modified":"2022-12-19T09:59:29","modified_gmt":"2022-12-19T08:59:29","slug":"selenit","status":"publish","type":"product","link":"https:\/\/naturalspirit.ch\/fr\/produit\/selenit\/","title":{"rendered":"S\u00e9l\u00e9nite"},"content":{"rendered":"<p>La s\u00e9l\u00e9nite (pl\u00e2tre fibreux) est un sulfate de calcium fibreux : pierre de crise<\/p>","protected":false},"excerpt":{"rendered":"<p>Prix par pierre.<\/p>","protected":false},"featured_media":7777,"comment_status":"open","ping_status":"closed","template":"","meta":[],"product_brand":[],"product_cat":[835,840,837,687,515,838,836,839,507],"product_tag":[],"class_list":{"0":"post-7807","1":"product","2":"type-product","3":"status-publish","4":"has-post-thumbnail","6":"product_cat-abschirmung","7":"product_cat-aufloesung","8":"product_cat-fester-halt","9":"product_cat-gereiztheit","10":"product_cat-gewebe","11":"product_cat-hyperaktivitaet","12":"product_cat-kontrolle","13":"product_cat-kontrollverlust","14":"product_cat-schmerzen","16":"first","17":"instock","18":"shipping-taxable","19":"purchasable","20":"product-type-simple"},"_links":{"self":[{"href":"https:\/\/naturalspirit.ch\/fr\/wp-json\/wp\/v2\/product\/7807","targetHints":{"allow":["GET"]}}],"collection":[{"href":"https:\/\/naturalspirit.ch\/fr\/wp-json\/wp\/v2\/product"}],"about":[{"href":"https:\/\/naturalspirit.ch\/fr\/wp-json\/wp\/v2\/types\/product"}],"replies":[{"embeddable":true,"href":"https:\/\/naturalspirit.ch\/fr\/wp-json\/wp\/v2\/comments?post=7807"}],"wp:featuredmedia":[{"embeddable":true,"href":"https:\/\/naturalspirit.ch\/fr\/wp-json\/wp\/v2\/media\/7777"}],"wp:attachment":[{"href":"https:\/\/naturalspirit.ch\/fr\/wp-json\/wp\/v2\/media?parent=7807"}],"wp:term":[{"taxonomy":"product_brand","embeddable":true,"href":"https:\/\/naturalspirit.ch\/fr\/wp-json\/wp\/v2\/product_brand?post=7807"},{"taxonomy":"product_cat","embeddable":true,"href":"https:\/\/naturalspirit.ch\/fr\/wp-json\/wp\/v2\/product_cat?post=7807"},{"taxonomy":"product_tag","embeddable":true,"href":"https:\/\/naturalspirit.ch\/fr\/wp-json\/wp\/v2\/product_tag?post=7807"}],"curies":[{"name":"wp","href":"https:\/\/api.w.org\/{rel}","templated":true}]}}