{"id":7801,"date":"2022-12-11T12:49:21","date_gmt":"2022-12-11T11:49:21","guid":{"rendered":"https:\/\/naturalspirit.ch\/?post_type=product&#038;p=7801"},"modified":"2022-12-11T12:49:21","modified_gmt":"2022-12-11T11:49:21","slug":"ozeanchalcedon","status":"publish","type":"product","link":"https:\/\/naturalspirit.ch\/fr\/produit\/ozeanchalcedon\/","title":{"rendered":"Calc\u00e9doine oc\u00e9anique"},"content":{"rendered":"<p>Calc\u00e9doine oc\u00e9anique : la reine de Madagascar<\/p>","protected":false},"excerpt":{"rendered":"<p>Magnifique pendentif calc\u00e9doine oc\u00e9anique, avec bracelet en cuir<br \/>\nPrix par pierre<\/p>","protected":false},"featured_media":7757,"comment_status":"open","ping_status":"closed","template":"","meta":[],"product_brand":[],"product_cat":[497,108,799,273,778,611,827,498,502,500,573,802,501],"product_tag":[],"class_list":{"0":"post-7801","1":"product","2":"type-product","3":"status-publish","4":"has-post-thumbnail","6":"product_cat-entgiftung","7":"product_cat-erkaeltungskrankheiten","8":"product_cat-erneuerung","9":"product_cat-haut","10":"product_cat-immunsystem","11":"product_cat-konfliktloesung","12":"product_cat-positiv","13":"product_cat-regeneration","14":"product_cat-tumoren","15":"product_cat-verdauung","16":"product_cat-warme-kalte-haende-fuesse","17":"product_cat-zellerneuerung","18":"product_cat-zysten","20":"first","21":"instock","22":"shipping-taxable","23":"purchasable","24":"product-type-simple"},"_links":{"self":[{"href":"https:\/\/naturalspirit.ch\/fr\/wp-json\/wp\/v2\/product\/7801","targetHints":{"allow":["GET"]}}],"collection":[{"href":"https:\/\/naturalspirit.ch\/fr\/wp-json\/wp\/v2\/product"}],"about":[{"href":"https:\/\/naturalspirit.ch\/fr\/wp-json\/wp\/v2\/types\/product"}],"replies":[{"embeddable":true,"href":"https:\/\/naturalspirit.ch\/fr\/wp-json\/wp\/v2\/comments?post=7801"}],"wp:featuredmedia":[{"embeddable":true,"href":"https:\/\/naturalspirit.ch\/fr\/wp-json\/wp\/v2\/media\/7757"}],"wp:attachment":[{"href":"https:\/\/naturalspirit.ch\/fr\/wp-json\/wp\/v2\/media?parent=7801"}],"wp:term":[{"taxonomy":"product_brand","embeddable":true,"href":"https:\/\/naturalspirit.ch\/fr\/wp-json\/wp\/v2\/product_brand?post=7801"},{"taxonomy":"product_cat","embeddable":true,"href":"https:\/\/naturalspirit.ch\/fr\/wp-json\/wp\/v2\/product_cat?post=7801"},{"taxonomy":"product_tag","embeddable":true,"href":"https:\/\/naturalspirit.ch\/fr\/wp-json\/wp\/v2\/product_tag?post=7801"}],"curies":[{"name":"wp","href":"https:\/\/api.w.org\/{rel}","templated":true}]}}