{"id":7393,"date":"2022-02-07T12:53:51","date_gmt":"2022-02-07T11:53:51","guid":{"rendered":"https:\/\/naturalspirit.ch\/?post_type=product&#038;p=7393"},"modified":"2022-02-07T12:53:51","modified_gmt":"2022-02-07T11:53:51","slug":"mookait-hornstein-5","status":"publish","type":"product","link":"https:\/\/naturalspirit.ch\/fr\/produit\/mookait-hornstein-5\/","title":{"rendered":"Mookait (pierre \u00e0 corne)"},"content":{"rendered":"<p><strong>Mookait<\/strong> \/ Porte-bonheur<\/p>\n<p>Min\u00e9ralogie : M\u00e9lange jaspe-opale (trigonal\/amorphe, secondaire)<\/p>\n<p>Esprit : exp\u00e9rience<\/p>\n<p>Mental : favorise la vari\u00e9t\u00e9, le plaisir et les exp\u00e9riences intenses<\/p>\n<p>Mental : rend flexible, incite \u00e0 concevoir plusieurs possibilit\u00e9s et \u00e0 toujours choisir la plus appropri\u00e9e<\/p>\n<p>Corps : renforce la rate, le foie, le syst\u00e8me immunitaire, favorise la purification du sang et la cicatrisation des plaies<\/p>","protected":false},"excerpt":{"rendered":"<p>Collier de bras avec mookait 6 mm et argent<\/p>","protected":false},"featured_media":7394,"comment_status":"closed","ping_status":"closed","template":"","meta":[],"product_brand":[],"product_cat":[774,682,735,489,487,653,773,569],"product_tag":[],"class_list":{"0":"post-7393","1":"product","2":"type-product","3":"status-publish","4":"has-post-thumbnail","6":"product_cat-blutreinigung","7":"product_cat-erfahrung","8":"product_cat-flexibilitaet","9":"product_cat-immunschutz","10":"product_cat-leber","11":"product_cat-milz","12":"product_cat-spass","13":"product_cat-wundheilung","15":"first","16":"instock","17":"shipping-taxable","18":"purchasable","19":"product-type-simple"},"_links":{"self":[{"href":"https:\/\/naturalspirit.ch\/fr\/wp-json\/wp\/v2\/product\/7393","targetHints":{"allow":["GET"]}}],"collection":[{"href":"https:\/\/naturalspirit.ch\/fr\/wp-json\/wp\/v2\/product"}],"about":[{"href":"https:\/\/naturalspirit.ch\/fr\/wp-json\/wp\/v2\/types\/product"}],"replies":[{"embeddable":true,"href":"https:\/\/naturalspirit.ch\/fr\/wp-json\/wp\/v2\/comments?post=7393"}],"wp:featuredmedia":[{"embeddable":true,"href":"https:\/\/naturalspirit.ch\/fr\/wp-json\/wp\/v2\/media\/7394"}],"wp:attachment":[{"href":"https:\/\/naturalspirit.ch\/fr\/wp-json\/wp\/v2\/media?parent=7393"}],"wp:term":[{"taxonomy":"product_brand","embeddable":true,"href":"https:\/\/naturalspirit.ch\/fr\/wp-json\/wp\/v2\/product_brand?post=7393"},{"taxonomy":"product_cat","embeddable":true,"href":"https:\/\/naturalspirit.ch\/fr\/wp-json\/wp\/v2\/product_cat?post=7393"},{"taxonomy":"product_tag","embeddable":true,"href":"https:\/\/naturalspirit.ch\/fr\/wp-json\/wp\/v2\/product_tag?post=7393"}],"curies":[{"name":"wp","href":"https:\/\/api.w.org\/{rel}","templated":true}]}}