{"id":5182,"date":"2021-10-16T20:47:32","date_gmt":"2021-10-16T18:47:32","guid":{"rendered":"https:\/\/naturalspirit.ch\/?post_type=product&#038;p=5182"},"modified":"2024-11-25T10:44:36","modified_gmt":"2024-11-25T09:44:36","slug":"pyrit","status":"publish","type":"product","link":"https:\/\/naturalspirit.ch\/fr\/produit\/pyrit\/","title":{"rendered":"Pyrite"},"content":{"rendered":"<p><strong>Pyritachat : miroir du cach\u00e9<\/strong><\/p>\n<p>Min\u00e9ralogie : M\u00e9lange de calc\u00e9doine et de pyrite (trigonal\/cubique, primaire)<\/p>\n<p>Esprit : purification<\/p>\n<p>Mental : aide \u00e0 surmonter la lourdeur et le stress<\/p>\n<p>Mental : incite \u00e0 faire face \u00e0 ce qui est d\u00e9sagr\u00e9able<\/p>\n<p>Corps : favorise le nettoyage et la circulation lymphatique, stimule le foie, am\u00e9liore l'\u00e9limination et acc\u00e9l\u00e8re les processus de gu\u00e9rison.<\/p>","protected":false},"excerpt":{"rendered":"<p>Collier avec pyrite, rondelles &amp; c\u0153urs<\/p>","protected":false},"featured_media":5183,"comment_status":"closed","ping_status":"closed","template":"","meta":[],"product_brand":[],"product_cat":[578,509,487,490,577],"product_tag":[],"class_list":{"0":"post-5182","1":"product","2":"type-product","3":"status-publish","4":"has-post-thumbnail","6":"product_cat-auseinandersetzung","7":"product_cat-belastung","8":"product_cat-leber","9":"product_cat-lymphe","10":"product_cat-reinigung","12":"first","13":"instock","14":"shipping-taxable","15":"purchasable","16":"product-type-simple"},"_links":{"self":[{"href":"https:\/\/naturalspirit.ch\/fr\/wp-json\/wp\/v2\/product\/5182","targetHints":{"allow":["GET"]}}],"collection":[{"href":"https:\/\/naturalspirit.ch\/fr\/wp-json\/wp\/v2\/product"}],"about":[{"href":"https:\/\/naturalspirit.ch\/fr\/wp-json\/wp\/v2\/types\/product"}],"replies":[{"embeddable":true,"href":"https:\/\/naturalspirit.ch\/fr\/wp-json\/wp\/v2\/comments?post=5182"}],"wp:featuredmedia":[{"embeddable":true,"href":"https:\/\/naturalspirit.ch\/fr\/wp-json\/wp\/v2\/media\/5183"}],"wp:attachment":[{"href":"https:\/\/naturalspirit.ch\/fr\/wp-json\/wp\/v2\/media?parent=5182"}],"wp:term":[{"taxonomy":"product_brand","embeddable":true,"href":"https:\/\/naturalspirit.ch\/fr\/wp-json\/wp\/v2\/product_brand?post=5182"},{"taxonomy":"product_cat","embeddable":true,"href":"https:\/\/naturalspirit.ch\/fr\/wp-json\/wp\/v2\/product_cat?post=5182"},{"taxonomy":"product_tag","embeddable":true,"href":"https:\/\/naturalspirit.ch\/fr\/wp-json\/wp\/v2\/product_tag?post=5182"}],"curies":[{"name":"wp","href":"https:\/\/api.w.org\/{rel}","templated":true}]}}