{"id":5166,"date":"2021-10-16T20:06:31","date_gmt":"2021-10-16T18:06:31","guid":{"rendered":"https:\/\/naturalspirit.ch\/?post_type=product&#038;p=5166"},"modified":"2021-10-16T20:06:59","modified_gmt":"2021-10-16T18:06:59","slug":"mahagoni-obsidian","status":"publish","type":"product","link":"https:\/\/naturalspirit.ch\/fr\/produit\/mahagoni-obsidian\/","title":{"rendered":"Obsidienne en acajou"},"content":{"rendered":"<p><strong>L'obsidienne acajou : la pierre antichoc<\/strong><\/p>\n<p>Min\u00e9ralogie : Verre volcanique brun-noir (amorphe, primaire)<\/p>\n<p>l'esprit : Entra\u00eenement<\/p>\n<p>Mental : apporte puissance, initiative et nouvel \u00e9lan<\/p>\n<p>Mental : dissout la consternation par des insultes, des d\u00e9valorisations et de faux reproches<\/p>\n<p>Corps : am\u00e9liore la circulation sanguine et le r\u00e9chauffement des membres, aide \u00e0 stopper les saignements et favorise la cicatrisation des plaies.<\/p>","protected":false},"excerpt":{"rendered":"<p>Cha\u00eene de bras avec obsidienne en acajou, 8 mm<\/p>","protected":false},"featured_media":5167,"comment_status":"closed","ping_status":"closed","template":"","meta":[],"product_brand":[],"product_cat":[566,570,567,568,569],"product_tag":[],"class_list":{"0":"post-5166","1":"product","2":"type-product","3":"status-publish","4":"has-post-thumbnail","6":"product_cat-antrieb","7":"product_cat-durchblutung","8":"product_cat-power","9":"product_cat-vorwuerfe","10":"product_cat-wundheilung","12":"first","13":"instock","14":"shipping-taxable","15":"purchasable","16":"product-type-simple"},"_links":{"self":[{"href":"https:\/\/naturalspirit.ch\/fr\/wp-json\/wp\/v2\/product\/5166","targetHints":{"allow":["GET"]}}],"collection":[{"href":"https:\/\/naturalspirit.ch\/fr\/wp-json\/wp\/v2\/product"}],"about":[{"href":"https:\/\/naturalspirit.ch\/fr\/wp-json\/wp\/v2\/types\/product"}],"replies":[{"embeddable":true,"href":"https:\/\/naturalspirit.ch\/fr\/wp-json\/wp\/v2\/comments?post=5166"}],"wp:featuredmedia":[{"embeddable":true,"href":"https:\/\/naturalspirit.ch\/fr\/wp-json\/wp\/v2\/media\/5167"}],"wp:attachment":[{"href":"https:\/\/naturalspirit.ch\/fr\/wp-json\/wp\/v2\/media?parent=5166"}],"wp:term":[{"taxonomy":"product_brand","embeddable":true,"href":"https:\/\/naturalspirit.ch\/fr\/wp-json\/wp\/v2\/product_brand?post=5166"},{"taxonomy":"product_cat","embeddable":true,"href":"https:\/\/naturalspirit.ch\/fr\/wp-json\/wp\/v2\/product_cat?post=5166"},{"taxonomy":"product_tag","embeddable":true,"href":"https:\/\/naturalspirit.ch\/fr\/wp-json\/wp\/v2\/product_tag?post=5166"}],"curies":[{"name":"wp","href":"https:\/\/api.w.org\/{rel}","templated":true}]}}