{"id":4197,"date":"2020-12-21T16:36:39","date_gmt":"2020-12-21T15:36:39","guid":{"rendered":"https:\/\/naturalspirit.ch\/?post_type=product&#038;p=4197"},"modified":"2021-06-05T15:52:59","modified_gmt":"2021-06-05T13:52:59","slug":"chakra-armband-fuer-frauen","status":"publish","type":"product","link":"https:\/\/naturalspirit.ch\/fr\/produit\/chakra-armband-fuer-frauen\/","title":{"rendered":"Bracelet Chakra pour femmes"},"content":{"rendered":"<p><strong>Pierres de chakra<\/strong><\/p>\n<p>7 pierres diff\u00e9rentes sont n\u00e9cessaires \u00e0 la fabrication de ce bracelet, car elles repr\u00e9sentent les 7 chakras principaux.<br \/>\nLes cristaux de roche sont utilis\u00e9s pour renforcer les autres pierres : tout coule de source !<\/p>","protected":false},"excerpt":{"rendered":"<p>La longueur du bracelet est r\u00e9glable gr\u00e2ce au n\u0153ud coulissant.<\/p>\n<p>Pierres : Am\u00e9thyste (chakra du sommet de la t\u00eate), sodalite (chakra de l'anja), turquoise (chakra de la gorge), chrysoprase (chakra du c\u0153ur), \u0153il de tigre (chakra du plexus solaire), calcite orange (chakra sacr\u00e9), cornaline (chakra de la racine).<\/p>","protected":false},"featured_media":4198,"comment_status":"closed","ping_status":"closed","template":"","meta":[],"product_brand":[],"product_cat":[472],"product_tag":[],"class_list":{"0":"post-4197","1":"product","2":"type-product","3":"status-publish","4":"has-post-thumbnail","6":"product_cat-chakra","8":"first","9":"instock","10":"shipping-taxable","11":"purchasable","12":"product-type-simple"},"_links":{"self":[{"href":"https:\/\/naturalspirit.ch\/fr\/wp-json\/wp\/v2\/product\/4197","targetHints":{"allow":["GET"]}}],"collection":[{"href":"https:\/\/naturalspirit.ch\/fr\/wp-json\/wp\/v2\/product"}],"about":[{"href":"https:\/\/naturalspirit.ch\/fr\/wp-json\/wp\/v2\/types\/product"}],"replies":[{"embeddable":true,"href":"https:\/\/naturalspirit.ch\/fr\/wp-json\/wp\/v2\/comments?post=4197"}],"wp:featuredmedia":[{"embeddable":true,"href":"https:\/\/naturalspirit.ch\/fr\/wp-json\/wp\/v2\/media\/4198"}],"wp:attachment":[{"href":"https:\/\/naturalspirit.ch\/fr\/wp-json\/wp\/v2\/media?parent=4197"}],"wp:term":[{"taxonomy":"product_brand","embeddable":true,"href":"https:\/\/naturalspirit.ch\/fr\/wp-json\/wp\/v2\/product_brand?post=4197"},{"taxonomy":"product_cat","embeddable":true,"href":"https:\/\/naturalspirit.ch\/fr\/wp-json\/wp\/v2\/product_cat?post=4197"},{"taxonomy":"product_tag","embeddable":true,"href":"https:\/\/naturalspirit.ch\/fr\/wp-json\/wp\/v2\/product_tag?post=4197"}],"curies":[{"name":"wp","href":"https:\/\/api.w.org\/{rel}","templated":true}]}}