{"id":1915,"date":"2020-03-30T18:25:52","date_gmt":"2020-03-30T16:25:52","guid":{"rendered":"https:\/\/naturalspirit.ch\/?post_type=product&#038;p=1915"},"modified":"2024-12-29T16:26:17","modified_gmt":"2024-12-29T15:26:17","slug":"armkette-rhyolith","status":"publish","type":"product","link":"https:\/\/naturalspirit.ch\/fr\/produit\/armkette-rhyolith\/","title":{"rendered":"Cha\u00eene de bras Rhyolite"},"content":{"rendered":"<p><strong>Rhyolite \/ R\u00e9sistance<\/strong><\/p>\n<p>Min\u00e9ralogie : roche h\u00e9t\u00e9rog\u00e8ne compos\u00e9e en majorit\u00e9 de feldspath, de quartz et de biotite ; silicate de squelette<br \/>\nStructure : trigonale, monoclinique, triclinique, amorphe<br \/>\nFormation : primaire (volcanique)<\/p>\n<p>Physique<br \/>\nStabilise et consolide le corps<br \/>\nProcure de la r\u00e9sistance<br \/>\nStimule la circulation<br \/>\nAide en cas de grippe et d'inflammation<br \/>\nCombat les infections bact\u00e9riennes<br \/>\nAm\u00e9liore l'absorption des nutriments dans l'intestin<br \/>\nActive les fonctions intestinales<br \/>\nAide \u00e0 lutter contre la diarrh\u00e9e<br \/>\nRenforce l'envie de sucr\u00e9<br \/>\nSoulage les troubles cutan\u00e9s<br \/>\nDissout les tissus durcis<\/p>\n<p>Spirituel<br \/>\nRenforce l'\u00e9tat d'esprit existant<br \/>\nApprend \u00e0 s'accepter tel que l'on est<br \/>\nAide \u00e0 bien s'orienter dans toutes les situations<br \/>\nAssure le calme int\u00e9rieur et l'\u00e9quilibre<br \/>\nAide \u00e0 trouver un sommeil paisible, m\u00eame en p\u00e9riode de stress.<br \/>\nMet \u00e0 la terre et fait garder les pieds sur terre<br \/>\nrenforce la s\u00e9curit\u00e9 instinctive et \u00e9motionnelle au quotidien<br \/>\nSuscite la cr\u00e9ativit\u00e9<br \/>\nAide \u00e0 trouver des solutions simples aux probl\u00e8mes<\/p>\n<p>La rhyolite se pr\u00e9sente sous diff\u00e9rentes formes et couleurs : La m\u00e9ta-rhyolite, le jaspe de la for\u00eat vierge, la rhyolite \u00e0 peau de l\u00e9opard, le jaspe de la for\u00eat tropicale, la rhyolite pourpre, la rhyolite cappuchino ou la pierre d'Azt\u00e8que sont les principales vari\u00e9t\u00e9s. Celles-ci ne se diff\u00e9rencient que tr\u00e8s peu dans leur composition, ce qui fait que toutes les vari\u00e9t\u00e9s peuvent \u00eatre utilis\u00e9es avec un effet l\u00e9g\u00e8rement plus fort ou plus faible pour toutes les indications mentionn\u00e9es.<\/p>\n<p>La rhyolite peut facilement \u00eatre confondue avec la calc\u00e9doine marine, mais ce n'est pas grave, car les deux pierres ont des effets tr\u00e8s similaires. Les r\u00e9serves de calc\u00e9doine marine sont pratiquement \u00e9puis\u00e9es. Dans un avenir proche, la rhyolite prendra la place de la calc\u00e9doine oc\u00e9anique dans la lithoth\u00e9rapie en tant que bonne alternative aux effets multiples, \u00e0 la texture, aux couleurs et aux signatures similaires.<\/p>\n<p><em>Soins<\/em>Colliers et bracelets doivent \u00eatre con\u00e7us de mani\u00e8re \u00e0 ce que les perles se touchent. Cela augmente la force de la rhyolite. D\u00e9chargez le bracelet une fois par mois dans un bol sec avec des pierres d'h\u00e9matite. Rechargez la rhyolite au soleil ou sur un groupe de cristaux de roche au moins une fois par mois.<\/p>","protected":false},"excerpt":{"rendered":"<p>Bracelet en rhyolite et pendentif en argent \"Ange gardien<\/p>","protected":false},"featured_media":1916,"comment_status":"closed","ping_status":"closed","template":"","meta":[],"product_brand":[],"product_cat":[15,34,82,85,370,91,58,425,439],"product_tag":[],"class_list":{"0":"post-1915","1":"product","2":"type-product","3":"status-publish","4":"has-post-thumbnail","6":"product_cat-unkategorisiert","7":"product_cat-altersbeschwerden","8":"product_cat-depression","9":"product_cat-hautprobleme","10":"product_cat-heilstein","11":"product_cat-herz","12":"product_cat-schutz","13":"product_cat-stress","14":"product_cat-verdauungsprobleme","16":"first","17":"instock","18":"shipping-taxable","19":"purchasable","20":"product-type-simple"},"_links":{"self":[{"href":"https:\/\/naturalspirit.ch\/fr\/wp-json\/wp\/v2\/product\/1915","targetHints":{"allow":["GET"]}}],"collection":[{"href":"https:\/\/naturalspirit.ch\/fr\/wp-json\/wp\/v2\/product"}],"about":[{"href":"https:\/\/naturalspirit.ch\/fr\/wp-json\/wp\/v2\/types\/product"}],"replies":[{"embeddable":true,"href":"https:\/\/naturalspirit.ch\/fr\/wp-json\/wp\/v2\/comments?post=1915"}],"wp:featuredmedia":[{"embeddable":true,"href":"https:\/\/naturalspirit.ch\/fr\/wp-json\/wp\/v2\/media\/1916"}],"wp:attachment":[{"href":"https:\/\/naturalspirit.ch\/fr\/wp-json\/wp\/v2\/media?parent=1915"}],"wp:term":[{"taxonomy":"product_brand","embeddable":true,"href":"https:\/\/naturalspirit.ch\/fr\/wp-json\/wp\/v2\/product_brand?post=1915"},{"taxonomy":"product_cat","embeddable":true,"href":"https:\/\/naturalspirit.ch\/fr\/wp-json\/wp\/v2\/product_cat?post=1915"},{"taxonomy":"product_tag","embeddable":true,"href":"https:\/\/naturalspirit.ch\/fr\/wp-json\/wp\/v2\/product_tag?post=1915"}],"curies":[{"name":"wp","href":"https:\/\/api.w.org\/{rel}","templated":true}]}}