{"id":160,"date":"2019-04-15T11:27:23","date_gmt":"2019-04-15T09:27:23","guid":{"rendered":"https:\/\/naturalspirit.ch\/?page_id=160"},"modified":"2025-12-01T19:02:02","modified_gmt":"2025-12-01T18:02:02","slug":"ueber","status":"publish","type":"page","link":"https:\/\/naturalspirit.ch\/fr\/ueber\/","title":{"rendered":"\u00c0 propos de moi"},"content":{"rendered":"<div data-elementor-type=\"wp-page\" data-elementor-id=\"160\" class=\"elementor elementor-160\" data-elementor-post-type=\"page\">\n\t\t\t\t\t\t<section class=\"elementor-section elementor-top-section elementor-element elementor-element-4f971c0 elementor-section-height-min-height elementor-section-boxed elementor-section-height-default elementor-section-items-middle\" data-id=\"4f971c0\" data-element_type=\"section\" data-settings=\"{&quot;background_background&quot;:&quot;video&quot;,&quot;background_video_link&quot;:&quot;https:\\\/\\\/naturalspirit.ch\\\/video.mp4&quot;,&quot;background_play_on_mobile&quot;:&quot;yes&quot;}\">\n\t\t\t\t\t\t\t\t<div class=\"elementor-background-video-container\">\n\t\t\t\t\t\t\t\t\t\t\t\t\t<video class=\"elementor-background-video-hosted\" role=\"presentation\" autoplay muted playsinline loop><\/video>\n\t\t\t\t\t\t\t\t\t\t\t<\/div>\n\t\t\t\t\t\t\t\t\t<div class=\"elementor-background-overlay\"><\/div>\n\t\t\t\t\t\t\t<div class=\"elementor-container elementor-column-gap-default\">\n\t\t\t\t\t<div class=\"elementor-column elementor-col-100 elementor-top-column elementor-element elementor-element-4c304e4\" data-id=\"4c304e4\" data-element_type=\"column\">\n\t\t\t<div class=\"elementor-widget-wrap elementor-element-populated\">\n\t\t\t\t\t\t<div class=\"elementor-element elementor-element-ed3a5bc elementor-widget elementor-widget-text-editor\" data-id=\"ed3a5bc\" data-element_type=\"widget\" data-widget_type=\"text-editor.default\">\n\t\t\t\t<div class=\"elementor-widget-container\">\n\t\t\t\t\t\t\t\t\t\u00c0 propos de moi\t\t\t\t\t\t\t\t<\/div>\n\t\t\t\t<\/div>\n\t\t\t\t\t<\/div>\n\t\t<\/div>\n\t\t\t\t\t<\/div>\n\t\t<\/section>\n\t\t\t\t<section class=\"elementor-section elementor-top-section elementor-element elementor-element-484cc735 elementor-section-boxed elementor-section-height-default elementor-section-height-default\" data-id=\"484cc735\" data-element_type=\"section\">\n\t\t\t\t\t\t<div class=\"elementor-container elementor-column-gap-default\">\n\t\t\t\t\t<div class=\"elementor-column elementor-col-100 elementor-top-column elementor-element elementor-element-31eb5b2e\" data-id=\"31eb5b2e\" data-element_type=\"column\">\n\t\t\t<div class=\"elementor-widget-wrap elementor-element-populated\">\n\t\t\t\t\t\t<div class=\"elementor-element elementor-element-53f4c170 elementor-widget elementor-widget-text-editor\" data-id=\"53f4c170\" data-element_type=\"widget\" data-widget_type=\"text-editor.default\">\n\t\t\t\t<div class=\"elementor-widget-container\">\n\t\t\t\t\t\t\t\t\t<p><!-- \/wp:paragraph --><!-- wp:paragraph --><\/p>\n<p><!-- \/wp:paragraph --><!-- wp:paragraph --><\/p>\n<p>Bienvenue dans mon monde - un monde plein d'\u00e9nergie, d'intuition et d'amour du travail manuel.<\/p>\n<p>Chaque pierre pr\u00e9cieuse porte en elle une force transmise de g\u00e9n\u00e9ration en g\u00e9n\u00e9ration, qui s'associe \u00e0 ma conception intuitive et \u00e0 un message spirituel - il en r\u00e9sulte des bijoux avec une \u00e2me.<\/p>\n<p>Les pierres de gu\u00e9rison portent en elles des \u00e9nergies min\u00e9rales qui entrent en harmonie avec notre corps. Leur effet se d\u00e9ploie \u00e0 travers leur couleur, leur histoire de formation et leurs propri\u00e9t\u00e9s uniques.<\/p>\n<p>En 2021, j'ai r\u00e9alis\u00e9 un souhait qui me tenait \u00e0 c\u0153ur : j'ai pu commencer une formation de conseill\u00e8re en pierres curatives analytiques. Chez Bruno Vogler-Pfeiffer, j'ai trouv\u00e9 non seulement des connaissances solides, mais aussi de l'inspiration et de la profondeur. La formation comprenait de la th\u00e9orie et de la pratique - cette derni\u00e8re sous la forme d'un s\u00e9minaire de cinq jours dans les Alpes suisses, indispensable pour l'obtention du dipl\u00f4me de th\u00e9rapeute. Ces journ\u00e9es ont \u00e9t\u00e9 pleines de d\u00e9couvertes, de discussions intenses et d'exp\u00e9riences touchantes qui m'ont durablement marqu\u00e9e.<\/p>\n<p><!-- \/wp:paragraph --><!-- wp:paragraph --><\/p>\n<p><!-- \/wp:paragraph --><!-- wp:paragraph --><\/p>\n<p>Lors d'une consultation intensive avec des pierres m\u00e9dicinales, je me plonge avec toi dans tes th\u00e8mes. Il en r\u00e9sulte ton bijou personnel ou un m\u00e9lange de pierres m\u00e9dicinales adapt\u00e9 \u00e0 tes besoins.\u00a0<\/p>\n<p>Les r\u00e9actions touchantes que je re\u00e7ois apr\u00e8s chaque s\u00e9ance sont pour moi un cadeau et une confirmation de mon chemin du c\u0153ur.<\/p>\n<p><strong>Avis juridique :<\/strong> Mes conseils en mati\u00e8re de pierres m\u00e9dicinales s'entendent comme un soutien \u00e9nerg\u00e9tique compl\u00e9mentaire et ne remplacent en aucun cas un traitement m\u00e9dical dispens\u00e9 par des m\u00e9decins sp\u00e9cialis\u00e9s. Les descriptions de mes produits ne servent pas de guide pour une th\u00e9rapie ou un diagnostic au sens m\u00e9dical du terme. Je n'\u00e9tablis pas de diagnostics et n'effectue pas de traitements ou de th\u00e9rapies m\u00e9dicales.<\/p>\n<p>Source : Livre de Michael Gienger, 555 pierres de A \u00e0 Z et Bruno Vogel-Pfeiffer (Heilsteinschule.ch). Un grand merci \u00e0 Bruno !<\/p>\n<p><!-- \/wp:paragraph --><!-- wp:paragraph --><\/p>\n<p>Sous le point de menu \"<a href=\"http:\/\/Behandlungen\" data-wplink-url-error=\"true\">Traitements<\/a>\"tu peux t'informer sur les diff\u00e9rentes m\u00e9thodes que je propose. Laisse-toi inspirer par ma passion pour une vie saine et \u00e9panouie. Je mets un point d'honneur \u00e0 t'accompagner avec attention et amour sur le chemin de la gu\u00e9rison.<\/p>\n<p>Cordialement<strong>,<\/strong> Catherine<\/p>\n<p><strong>Formations<\/strong><\/p>\n<p>2023 - avril 2024 - <a href=\"https:\/\/naturalspirit.ch\/fr\/meditationsleiterin\/\">Animatrice de m\u00e9ditation<\/a> \/ Therese Furrer<\/p>\n<p>2023: <a href=\"https:\/\/naturalspirit.ch\/fr\/lichtarbeiterin-dhyana-yoga\/\">Travailleur de lumi\u00e8re<\/a> - Soullight \/ cabinet et centre de formation<\/p>\n<p>mai 2023 : Pierres m\u00e9dicinales pour animaux \/ avec le v\u00e9t\u00e9rinaire Marc Schatzmann<\/p>\n<p>janvier 2023 : G\u00e9omancie : - Harmonisation des b\u00e2timents, avec barytine et halite dans les habitations et les lieux de travail \/ Pierres de gu\u00e9rison en cas de troubles du sommeil, stress, besoin de protection, etc. \/ D\u00e9tection de veines d'eau, de failles, de lignes de ley, etc. \/ Marc Gm\u00fcr<\/p>\n<p>Mars 2022 : Cours de taille de pierre pour avanc\u00e9s \/ Stefan Gerber<\/p>\n<p>2021 : Th\u00e9rapie analytique par les pierres \u00e0 l'\u00c9cole suisse des pierres curatives<\/p>\n<p>Ao\u00fbt 2020 : <a href=\"https:\/\/naturalspirit.ch\/fr\/pranic-healing\/\">Gu\u00e9rison pranique<\/a> - S\u00e9minaire de formation continue \/ Peter Eicher<\/p>\n<p>Novembre 2019 : <a href=\"https:\/\/naturalspirit.ch\/fr\/pranic-healing\/\">Gu\u00e9rison pranique<\/a> - S\u00e9minaire de base \/ Angelika Hunziker<\/p>\n<p>Septembre 2019 : Cours de taille de pierre \/ Stefan Gerber<\/p>\n<p>Juillet 2019 : Pierres de gu\u00e9rison des temps nouveaux \/ Sandra B\u00fcchi &amp; Kurt Worni<\/p>\n<p>Septembre 2018 Cours d'approfondissement <a href=\"https:\/\/naturalspirit.ch\/fr\/quantenheilung\/\">\u00c9nergie quantique<\/a> \/ compensation S\u00e0rl<\/p>\n<p>Ao\u00fbt 2018 : Cours de base et de perfectionnement <a href=\"https:\/\/naturalspirit.ch\/fr\/quantenheilung\/\">\u00c9nergie quantique<\/a> \/ compensation S\u00e0rl<\/p>\n<p>2016 - 2017 - 2018 : Cours de plantes m\u00e9dicinales-herbes-saisons \/ Walter &amp; Ramona Zumb\u00fchl Heilpflanzenschule Brunnmatthof<\/p>\n<p>avril 2016 : Tester avec le tenseur \/ Walter Zumb\u00fchl, alchimiste<\/p>\n<p>2015 : Communication animale \/ Claudia A. Friederich\u00a0 \u00a0\u00a0<\/p>\n<p>\u00a0<\/p>\n<p><!-- \/wp:paragraph --><\/p>\t\t\t\t\t\t\t\t<\/div>\n\t\t\t\t<\/div>\n\t\t\t\t\t<\/div>\n\t\t<\/div>\n\t\t\t\t\t<\/div>\n\t\t<\/section>\n\t\t\t\t<section class=\"elementor-section elementor-top-section elementor-element elementor-element-0fa0f58 elementor-section-boxed elementor-section-height-default elementor-section-height-default\" data-id=\"0fa0f58\" data-element_type=\"section\">\n\t\t\t\t\t\t<div class=\"elementor-container elementor-column-gap-default\">\n\t\t\t\t\t<div class=\"elementor-column elementor-col-100 elementor-top-column elementor-element elementor-element-2ceac0a\" data-id=\"2ceac0a\" data-element_type=\"column\">\n\t\t\t<div class=\"elementor-widget-wrap\">\n\t\t\t\t\t\t\t<\/div>\n\t\t<\/div>\n\t\t\t\t\t<\/div>\n\t\t<\/section>\n\t\t\t\t<section class=\"elementor-section elementor-top-section elementor-element elementor-element-3426868 elementor-section-boxed elementor-section-height-default elementor-section-height-default\" data-id=\"3426868\" data-element_type=\"section\">\n\t\t\t\t\t\t<div class=\"elementor-container elementor-column-gap-default\">\n\t\t\t\t\t<div class=\"elementor-column elementor-col-100 elementor-top-column elementor-element elementor-element-6e7210d\" data-id=\"6e7210d\" data-element_type=\"column\">\n\t\t\t<div class=\"elementor-widget-wrap elementor-element-populated\">\n\t\t\t\t\t\t<div class=\"elementor-element elementor-element-ff05694 elementor-widget elementor-widget-image\" data-id=\"ff05694\" data-element_type=\"widget\" data-widget_type=\"image.default\">\n\t\t\t\t<div class=\"elementor-widget-container\">\n\t\t\t\t\t\t\t\t\t\t\t\t\t\t\t<img fetchpriority=\"high\" decoding=\"async\" width=\"225\" height=\"300\" src=\"https:\/\/naturalspirit.ch\/wp-content\/uploads\/2025\/12\/Bild2_Shy-225x300.jpg\" class=\"attachment-medium size-medium wp-image-8936\" alt=\"\" srcset=\"https:\/\/naturalspirit.ch\/wp-content\/uploads\/2025\/12\/Bild2_Shy-225x300.jpg 225w, https:\/\/naturalspirit.ch\/wp-content\/uploads\/2025\/12\/Bild2_Shy-768x1024.jpg 768w, https:\/\/naturalspirit.ch\/wp-content\/uploads\/2025\/12\/Bild2_Shy-1152x1536.jpg 1152w, https:\/\/naturalspirit.ch\/wp-content\/uploads\/2025\/12\/Bild2_Shy-1536x2048.jpg 1536w, https:\/\/naturalspirit.ch\/wp-content\/uploads\/2025\/12\/Bild2_Shy-9x12.jpg 9w, https:\/\/naturalspirit.ch\/wp-content\/uploads\/2025\/12\/Bild2_Shy-300x400.jpg 300w, https:\/\/naturalspirit.ch\/wp-content\/uploads\/2025\/12\/Bild2_Shy-600x800.jpg 600w, https:\/\/naturalspirit.ch\/wp-content\/uploads\/2025\/12\/Bild2_Shy-scaled-e1764612085966.jpg 60w\" sizes=\"(max-width: 225px) 100vw, 225px\" \/>\t\t\t\t\t\t\t\t\t\t\t\t\t\t\t<\/div>\n\t\t\t\t<\/div>\n\t\t\t\t\t<\/div>\n\t\t<\/div>\n\t\t\t\t\t<\/div>\n\t\t<\/section>\n\t\t\t\t<\/div>","protected":false},"excerpt":{"rendered":"<p>Willkommen in meiner Welt \u2013 einer Welt voller Energie, Intuition und liebevoller Handarbeit. Jeder Edelstein tr\u00e4gt eine \u00fcberlieferte Kraft in sich, die sich mit meiner intuitiven Gestaltung und einer spirituellen Botschaft vereint \u2013 daraus entstehen Schmuckst\u00fccke mit Seele. Heilsteine tragen mineralische Energien in sich, die mit unserem K\u00f6rper in Einklang treten. Ihre Wirkung entfaltet sich [&hellip;]<\/p>","protected":false},"author":2,"featured_media":0,"parent":0,"menu_order":0,"comment_status":"closed","ping_status":"closed","template":"elementor_header_footer","meta":{"footnotes":""},"class_list":["post-160","page","type-page","status-publish","hentry"],"_links":{"self":[{"href":"https:\/\/naturalspirit.ch\/fr\/wp-json\/wp\/v2\/pages\/160","targetHints":{"allow":["GET"]}}],"collection":[{"href":"https:\/\/naturalspirit.ch\/fr\/wp-json\/wp\/v2\/pages"}],"about":[{"href":"https:\/\/naturalspirit.ch\/fr\/wp-json\/wp\/v2\/types\/page"}],"author":[{"embeddable":true,"href":"https:\/\/naturalspirit.ch\/fr\/wp-json\/wp\/v2\/users\/2"}],"replies":[{"embeddable":true,"href":"https:\/\/naturalspirit.ch\/fr\/wp-json\/wp\/v2\/comments?post=160"}],"version-history":[{"count":234,"href":"https:\/\/naturalspirit.ch\/fr\/wp-json\/wp\/v2\/pages\/160\/revisions"}],"predecessor-version":[{"id":8948,"href":"https:\/\/naturalspirit.ch\/fr\/wp-json\/wp\/v2\/pages\/160\/revisions\/8948"}],"wp:attachment":[{"href":"https:\/\/naturalspirit.ch\/fr\/wp-json\/wp\/v2\/media?parent=160"}],"curies":[{"name":"wp","href":"https:\/\/api.w.org\/{rel}","templated":true}]}}