{"id":4757,"date":"2021-07-20T16:52:03","date_gmt":"2021-07-20T14:52:03","guid":{"rendered":"https:\/\/naturalspirit.ch\/?page_id=4757"},"modified":"2025-02-06T16:26:05","modified_gmt":"2025-02-06T15:26:05","slug":"die-11-chakra-therapie","status":"publish","type":"page","link":"https:\/\/naturalspirit.ch\/en\/die-11-chakra-therapie\/","title":{"rendered":"the 11 chakra therapy"},"content":{"rendered":"<div data-elementor-type=\"wp-page\" data-elementor-id=\"4757\" class=\"elementor elementor-4757\" data-elementor-post-type=\"page\">\n\t\t\t\t\t\t<section class=\"elementor-section elementor-top-section elementor-element elementor-element-35de852 elementor-section-boxed elementor-section-height-default elementor-section-height-default\" data-id=\"35de852\" data-element_type=\"section\">\n\t\t\t\t\t\t<div class=\"elementor-container elementor-column-gap-default\">\n\t\t\t\t\t<div class=\"elementor-column elementor-col-100 elementor-top-column elementor-element elementor-element-9f4f48e\" data-id=\"9f4f48e\" data-element_type=\"column\">\n\t\t\t<div class=\"elementor-widget-wrap elementor-element-populated\">\n\t\t\t\t\t\t<div class=\"elementor-element elementor-element-3a47259 elementor-widget elementor-widget-text-editor\" data-id=\"3a47259\" data-element_type=\"widget\" data-widget_type=\"text-editor.default\">\n\t\t\t\t<div class=\"elementor-widget-container\">\n\t\t\t\t\t\t\t\t\t<p>Rebalance the energy flow and find the source of the problem with the<\/p><p><strong>Balancing chakras \/ Healing method with crystals<\/strong><\/p><p>This therapy focuses on balancing and healing the 11 main chakras of the body. Blockages are released and the energy flow harmonised with the help of healing stones.<\/p><p>Body, mind and soul are activated and harmonised by this special and deeply effective method. Each stone reacts individually to these areas due to its own crystal structure. The energy of the crystals unfolds its effect and endorphins are released.<\/p><p>I use the following stones for this method:<\/p><p><strong>Rose quartz<\/strong> stands for unbound love, need-awakener<\/p><p><strong>Amethyst<\/strong> for spirituality dissolves all clinging<\/p><p><strong>Howlite<\/strong> supports open-mindedness, gives new courage to face life<\/p><p><strong>Tiger eye<\/strong> gives courage, tiger look<\/p><p><strong>Aventurine quartz<\/strong> Promises happiness and prosperity, No. 1 for falling asleep (mental letting go)<\/p><p><strong>Rock crystal<\/strong> like clear quartz provides healing, balance and purity. Rock crystal is a mediator, amplifier and bringer of light.<\/p><p>Duration: 1 hour \/ CHF 150<\/p>\t\t\t\t\t\t\t\t<\/div>\n\t\t\t\t<\/div>\n\t\t\t\t\t<\/div>\n\t\t<\/div>\n\t\t\t\t\t<\/div>\n\t\t<\/section>\n\t\t\t\t<\/div>","protected":false},"excerpt":{"rendered":"<p>Bringe den Energiefluss wieder ins Gleichgewicht und finde den Ursprung des Problems mit der Chakras ausgleichen \/ Heilmethode mit Kristallen Diese Therapie konzentriert sich auf das Gleichgewicht und die Heilung der 11 Hauptchakren des K\u00f6rpers. Mithilfe von Heilsteinen werden Blockaden gel\u00f6st und der Energiefluss harmonisiert. K\u00f6rper, Geist und Seele werden durch diese spezielle und tief [&hellip;]<\/p>","protected":false},"author":2,"featured_media":0,"parent":0,"menu_order":0,"comment_status":"closed","ping_status":"closed","template":"elementor_header_footer","meta":{"footnotes":""},"class_list":["post-4757","page","type-page","status-publish","hentry"],"_links":{"self":[{"href":"https:\/\/naturalspirit.ch\/en\/wp-json\/wp\/v2\/pages\/4757","targetHints":{"allow":["GET"]}}],"collection":[{"href":"https:\/\/naturalspirit.ch\/en\/wp-json\/wp\/v2\/pages"}],"about":[{"href":"https:\/\/naturalspirit.ch\/en\/wp-json\/wp\/v2\/types\/page"}],"author":[{"embeddable":true,"href":"https:\/\/naturalspirit.ch\/en\/wp-json\/wp\/v2\/users\/2"}],"replies":[{"embeddable":true,"href":"https:\/\/naturalspirit.ch\/en\/wp-json\/wp\/v2\/comments?post=4757"}],"version-history":[{"count":52,"href":"https:\/\/naturalspirit.ch\/en\/wp-json\/wp\/v2\/pages\/4757\/revisions"}],"predecessor-version":[{"id":8221,"href":"https:\/\/naturalspirit.ch\/en\/wp-json\/wp\/v2\/pages\/4757\/revisions\/8221"}],"wp:attachment":[{"href":"https:\/\/naturalspirit.ch\/en\/wp-json\/wp\/v2\/media?parent=4757"}],"curies":[{"name":"wp","href":"https:\/\/api.w.org\/{rel}","templated":true}]}}